{"id":323,"date":"2023-03-21T15:44:00","date_gmt":"2023-03-21T15:44:00","guid":{"rendered":"https:\/\/custom-service.fr\/?page_id=323"},"modified":"2023-03-21T15:50:37","modified_gmt":"2023-03-21T15:50:37","slug":"nos-services","status":"publish","type":"page","link":"https:\/\/custom-service.fr\/?page_id=323","title":{"rendered":"Nos Services:"},"content":{"rendered":"\n<p>Entretiens et r\u00e9parations tous v\u00e9hicules Am\u00e9ricains<\/p>\n\n\n\n<p>Ventes de pi\u00e8ces d\u00e9tach\u00e9es<\/p>\n\n\n\n<p>Nous avons la possibilit\u00e9 de vous trouver le v\u00e9hicule dont vous r\u00eavez pour cela consultez nous<br><\/p>\n\n\n\n<p><\/p>\n","protected":false},"excerpt":{"rendered":"<p>Entretiens et r\u00e9parations tous v\u00e9hicules Am\u00e9ricains Ventes de pi\u00e8ces d\u00e9tach\u00e9es Nous avons la possibilit\u00e9 de [&hellip;]<\/p>\n","protected":false},"author":2,"featured_media":0,"parent":0,"menu_order":0,"comment_status":"closed","ping_status":"closed","template":"","meta":[],"_links":{"self":[{"href":"https:\/\/custom-service.fr\/index.php?rest_route=\/wp\/v2\/pages\/323"}],"collection":[{"href":"https:\/\/custom-service.fr\/index.php?rest_route=\/wp\/v2\/pages"}],"about":[{"href":"https:\/\/custom-service.fr\/index.php?rest_route=\/wp\/v2\/types\/page"}],"author":[{"embeddable":true,"href":"https:\/\/custom-service.fr\/index.php?rest_route=\/wp\/v2\/users\/2"}],"replies":[{"embeddable":true,"href":"https:\/\/custom-service.fr\/index.php?rest_route=%2Fwp%2Fv2%2Fcomments&post=323"}],"version-history":[{"count":2,"href":"https:\/\/custom-service.fr\/index.php?rest_route=\/wp\/v2\/pages\/323\/revisions"}],"predecessor-version":[{"id":327,"href":"https:\/\/custom-service.fr\/index.php?rest_route=\/wp\/v2\/pages\/323\/revisions\/327"}],"wp:attachment":[{"href":"https:\/\/custom-service.fr\/index.php?rest_route=%2Fwp%2Fv2%2Fmedia&parent=323"}],"curies":[{"name":"wp","href":"https:\/\/api.w.org\/{rel}","templated":true}]}}