{"id":78,"date":"2023-02-11T07:53:44","date_gmt":"2023-02-11T07:53:44","guid":{"rendered":"https:\/\/custom-service.fr\/?page_id=78"},"modified":"2023-03-21T15:39:14","modified_gmt":"2023-03-21T15:39:14","slug":"nous-trouver","status":"publish","type":"page","link":"https:\/\/custom-service.fr\/?page_id=78","title":{"rendered":"Nous Trouver"},"content":{"rendered":"\n<p class=\"has-vivid-red-color has-text-color has-medium-font-size\"><strong> Attention:<\/strong> <\/p>\n\n\n\n<p>En p\u00e9riode hivernale, d\u00e9but d\u00e9cembre \u00e0 fin mars nous sommes ferm\u00e9 tous les samedi apr\u00e8s-midi.<\/p>\n\n\n\n<p>Possibilit\u00e9 de prendre RDV hors horaires d&rsquo;ouvertures<\/p>\n\n\n\n<div class=\"is-layout-flex wp-container-4 wp-block-columns alignfull has-text-color has-background\" style=\"color:#000000;background-color:#ffffff\">\n<div class=\"is-layout-flow wp-block-column\">\n<h3 class=\"has-text-align-center\" style=\"font-size:24px;line-height:1.3\">Notre Adresse:<\/h3>\n\n\n\n<p class=\"has-text-align-center\">49 Rue de Paris<\/p>\n\n\n\n<p class=\"has-text-align-center\">60700 St Martin-Longueau<\/p>\n<\/div>\n\n\n\n<div class=\"is-layout-flow wp-block-column\">\n<h3 class=\"has-text-align-center\" style=\"font-size:24px;line-height:1.3\"><strong>Plan<\/strong><\/h3>\n\n\n\n<p><\/p>\n<\/div>\n\n\n\n<div class=\"is-layout-flow wp-block-column\">\n<h3 class=\"has-text-align-center\" style=\"font-size:24px;line-height:1.3\"><strong>Nos Horaires:<\/strong><\/h3>\n\n\n\n<p class=\"has-text-align-center\">Du Mardi au Samedi<\/p>\n\n\n\n<p class=\"has-text-align-center\">De 9h30-12h00 et 14h00-18h00<\/p>\n<\/div>\n<\/div>\n\n\n\n<p class=\"has-text-align-center\"><iframe loading=\"lazy\" style=\"border: 0;\" src=\"https:\/\/www.google.com\/maps\/embed?pb=!1m18!1m12!1m3!1d2599.7573352874942!2d2.6024494158270643!3d49.33781287478353!2m3!1f0!2f0!3f0!3m2!1i1024!2i768!4f13.1!3m3!1m2!1s0x47e7ccb2e56e07e7%3A0x8ce8235e9cb04dff!2s49%20Rue%20de%20Paris%2C%2060700%20Saint-Martin-Longueau!5e0!3m2!1sfr!2sfr!4v1676102359803!5m2!1sfr!2sfr\" width=\"400\" height=\"300\" allowfullscreen=\"allowfullscreen\"><\/p>\n","protected":false},"excerpt":{"rendered":"<p>Attention: En p\u00e9riode hivernale, d\u00e9but d\u00e9cembre \u00e0 fin mars nous sommes ferm\u00e9 tous les samedi [&hellip;]<\/p>\n","protected":false},"author":2,"featured_media":0,"parent":0,"menu_order":0,"comment_status":"closed","ping_status":"closed","template":"","meta":[],"_links":{"self":[{"href":"https:\/\/custom-service.fr\/index.php?rest_route=\/wp\/v2\/pages\/78"}],"collection":[{"href":"https:\/\/custom-service.fr\/index.php?rest_route=\/wp\/v2\/pages"}],"about":[{"href":"https:\/\/custom-service.fr\/index.php?rest_route=\/wp\/v2\/types\/page"}],"author":[{"embeddable":true,"href":"https:\/\/custom-service.fr\/index.php?rest_route=\/wp\/v2\/users\/2"}],"replies":[{"embeddable":true,"href":"https:\/\/custom-service.fr\/index.php?rest_route=%2Fwp%2Fv2%2Fcomments&post=78"}],"version-history":[{"count":23,"href":"https:\/\/custom-service.fr\/index.php?rest_route=\/wp\/v2\/pages\/78\/revisions"}],"predecessor-version":[{"id":322,"href":"https:\/\/custom-service.fr\/index.php?rest_route=\/wp\/v2\/pages\/78\/revisions\/322"}],"wp:attachment":[{"href":"https:\/\/custom-service.fr\/index.php?rest_route=%2Fwp%2Fv2%2Fmedia&parent=78"}],"curies":[{"name":"wp","href":"https:\/\/api.w.org\/{rel}","templated":true}]}}